{"id":71,"date":"2022-03-08T19:07:20","date_gmt":"2022-03-08T18:07:20","guid":{"rendered":"http:\/\/cfc-perspectives.fr\/?page_id=71"},"modified":"2022-05-20T16:15:42","modified_gmt":"2022-05-20T14:15:42","slug":"solutions-transport","status":"publish","type":"page","link":"https:\/\/cfc-perspectives.fr\/index.php\/solutions-transport\/","title":{"rendered":"Solutions Transports"},"content":{"rendered":"\t\t<div data-elementor-type=\"wp-page\" data-elementor-id=\"71\" class=\"elementor elementor-71\">\n\t\t\t\t\t\t\t\t\t<section class=\"elementor-section elementor-top-section elementor-element elementor-element-168bdc3 elementor-section-boxed elementor-section-height-default elementor-section-height-default\" data-id=\"168bdc3\" data-element_type=\"section\">\n\t\t\t\t\t\t<div class=\"elementor-container elementor-column-gap-default\">\n\t\t\t\t\t<div class=\"elementor-column elementor-col-100 elementor-top-column elementor-element elementor-element-ff299f3\" data-id=\"ff299f3\" data-element_type=\"column\">\n\t\t\t<div class=\"elementor-widget-wrap elementor-element-populated\">\n\t\t\t\t\t\t\t\t<div class=\"elementor-element elementor-element-3a8c41a elementor-widget elementor-widget-image\" data-id=\"3a8c41a\" data-element_type=\"widget\" data-widget_type=\"image.default\">\n\t\t\t\t<div class=\"elementor-widget-container\">\n\t\t\t<style>\/*! elementor - v3.6.2 - 04-04-2022 *\/\n.elementor-widget-image{text-align:center}.elementor-widget-image a{display:inline-block}.elementor-widget-image a img[src$=\".svg\"]{width:48px}.elementor-widget-image img{vertical-align:middle;display:inline-block}<\/style>\t\t\t\t\t\t\t\t\t\t\t\t<img loading=\"lazy\" decoding=\"async\" width=\"1024\" height=\"260\" src=\"https:\/\/cfc-perspectives.fr\/wp-content\/uploads\/2022\/05\/Sans-titre-1180-\u00d7-400-px-1180-\u00d7-300-px-2-1024x260.png\" class=\"attachment-large size-large\" alt=\"\" srcset=\"https:\/\/cfc-perspectives.fr\/wp-content\/uploads\/2022\/05\/Sans-titre-1180-\u00d7-400-px-1180-\u00d7-300-px-2-1024x260.png 1024w, https:\/\/cfc-perspectives.fr\/wp-content\/uploads\/2022\/05\/Sans-titre-1180-\u00d7-400-px-1180-\u00d7-300-px-2-300x76.png 300w, https:\/\/cfc-perspectives.fr\/wp-content\/uploads\/2022\/05\/Sans-titre-1180-\u00d7-400-px-1180-\u00d7-300-px-2-768x195.png 768w, https:\/\/cfc-perspectives.fr\/wp-content\/uploads\/2022\/05\/Sans-titre-1180-\u00d7-400-px-1180-\u00d7-300-px-2.png 1180w\" sizes=\"(max-width: 1024px) 100vw, 1024px\" \/>\t\t\t\t\t\t\t\t\t\t\t\t\t\t\t<\/div>\n\t\t\t\t<\/div>\n\t\t\t\t\t<\/div>\n\t\t<\/div>\n\t\t\t\t\t\t\t<\/div>\n\t\t<\/section>\n\t\t\t\t<section class=\"elementor-section elementor-top-section elementor-element elementor-element-8c56ba8 elementor-section-boxed elementor-section-height-default elementor-section-height-default\" data-id=\"8c56ba8\" data-element_type=\"section\">\n\t\t\t\t\t\t<div class=\"elementor-container elementor-column-gap-default\">\n\t\t\t\t\t<div class=\"elementor-column elementor-col-100 elementor-top-column elementor-element elementor-element-7c9be55\" data-id=\"7c9be55\" data-element_type=\"column\">\n\t\t\t<div class=\"elementor-widget-wrap elementor-element-populated\">\n\t\t\t\t\t\t\t\t<div class=\"elementor-element elementor-element-fcb82c8 elementor-widget elementor-widget-heading\" data-id=\"fcb82c8\" data-element_type=\"widget\" data-widget_type=\"heading.default\">\n\t\t\t\t<div class=\"elementor-widget-container\">\n\t\t\t<style>\/*! elementor - v3.6.2 - 04-04-2022 *\/\n.elementor-heading-title{padding:0;margin:0;line-height:1}.elementor-widget-heading .elementor-heading-title[class*=elementor-size-]>a{color:inherit;font-size:inherit;line-height:inherit}.elementor-widget-heading .elementor-heading-title.elementor-size-small{font-size:15px}.elementor-widget-heading .elementor-heading-title.elementor-size-medium{font-size:19px}.elementor-widget-heading .elementor-heading-title.elementor-size-large{font-size:29px}.elementor-widget-heading .elementor-heading-title.elementor-size-xl{font-size:39px}.elementor-widget-heading .elementor-heading-title.elementor-size-xxl{font-size:59px}<\/style><h2 class=\"elementor-heading-title elementor-size-default\">SOLUTIONS TRANSPORTS<\/h2>\t\t<\/div>\n\t\t\t\t<\/div>\n\t\t\t\t\t<\/div>\n\t\t<\/div>\n\t\t\t\t\t\t\t<\/div>\n\t\t<\/section>\n\t\t\t\t<section class=\"elementor-section elementor-top-section elementor-element elementor-element-7ceca8b elementor-section-boxed elementor-section-height-default elementor-section-height-default\" data-id=\"7ceca8b\" data-element_type=\"section\">\n\t\t\t\t\t\t<div class=\"elementor-container elementor-column-gap-default\">\n\t\t\t\t\t<div class=\"elementor-column elementor-col-66 elementor-top-column elementor-element elementor-element-6796ad7\" data-id=\"6796ad7\" data-element_type=\"column\">\n\t\t\t<div class=\"elementor-widget-wrap elementor-element-populated\">\n\t\t\t\t\t\t\t\t<div class=\"elementor-element elementor-element-fca17a4 elementor-widget elementor-widget-text-editor\" data-id=\"fca17a4\" data-element_type=\"widget\" data-widget_type=\"text-editor.default\">\n\t\t\t\t<div class=\"elementor-widget-container\">\n\t\t\t<style>\/*! elementor - v3.6.2 - 04-04-2022 *\/\n.elementor-widget-text-editor.elementor-drop-cap-view-stacked .elementor-drop-cap{background-color:#818a91;color:#fff}.elementor-widget-text-editor.elementor-drop-cap-view-framed .elementor-drop-cap{color:#818a91;border:3px solid;background-color:transparent}.elementor-widget-text-editor:not(.elementor-drop-cap-view-default) .elementor-drop-cap{margin-top:8px}.elementor-widget-text-editor:not(.elementor-drop-cap-view-default) .elementor-drop-cap-letter{width:1em;height:1em}.elementor-widget-text-editor .elementor-drop-cap{float:left;text-align:center;line-height:1;font-size:50px}.elementor-widget-text-editor .elementor-drop-cap-letter{display:inline-block}<\/style>\t\t\t\t<p dir=\"ltr\" style=\"margin-top: 12pt; margin-bottom: 12pt; line-height: 1.295; text-align: justify;\"><span style=\"font-size: 14pt; font-family: Arial; color: #000000; font-weight: bold; font-variant-numeric: normal; font-variant-east-asian: normal; text-decoration-line: underline; text-decoration-skip-ink: none; vertical-align: baseline; white-space: pre-wrap;\">Des solutions Transport &amp; Logistique :<\/span><\/p><p dir=\"ltr\" style=\"margin-top: 12pt; margin-bottom: 12pt; line-height: 1.295; text-align: justify;\"><span style=\"font-size: 14pt; font-family: Arial; color: #000000; font-variant-numeric: normal; font-variant-east-asian: normal; vertical-align: baseline; white-space: pre-wrap;\">Gr\u00e2ce \u00e0 notre partenariat avec <strong><a href=\"https:\/\/www.transport-kinatrans.fr\/\">KINATRANS<\/a><\/strong>, nous sommes en capacit\u00e9 de vous proposer des solutions qualitatives en transport routier sur toute l\u2019Europe et nos relations privil\u00e9gi\u00e9es avec un transitaire international de r\u00e9f\u00e9rence nous permets de r\u00e9pondre sur toute demande import \/ export en pilotant la chaine logistique du pr\u00e9acheminement jusqu\u2019\u00e0 la livraison finale en transport routier.<\/span><\/p>\t\t\t\t\t\t<\/div>\n\t\t\t\t<\/div>\n\t\t\t\t\t<\/div>\n\t\t<\/div>\n\t\t\t\t<div class=\"elementor-column elementor-col-33 elementor-top-column elementor-element elementor-element-fcdbcfc\" data-id=\"fcdbcfc\" data-element_type=\"column\">\n\t\t\t<div class=\"elementor-widget-wrap elementor-element-populated\">\n\t\t\t\t\t\t\t\t<div class=\"elementor-element elementor-element-01c8227 elementor-widget elementor-widget-image\" data-id=\"01c8227\" data-element_type=\"widget\" data-widget_type=\"image.default\">\n\t\t\t\t<div class=\"elementor-widget-container\">\n\t\t\t\t\t\t\t\t\t\t\t\t\t\t\t<img loading=\"lazy\" decoding=\"async\" width=\"512\" height=\"320\" src=\"https:\/\/cfc-perspectives.fr\/wp-content\/uploads\/2022\/04\/Kinatrans-1.png\" class=\"attachment-large size-large\" alt=\"\" srcset=\"https:\/\/cfc-perspectives.fr\/wp-content\/uploads\/2022\/04\/Kinatrans-1.png 512w, https:\/\/cfc-perspectives.fr\/wp-content\/uploads\/2022\/04\/Kinatrans-1-300x188.png 300w\" sizes=\"(max-width: 512px) 100vw, 512px\" \/>\t\t\t\t\t\t\t\t\t\t\t\t\t\t\t<\/div>\n\t\t\t\t<\/div>\n\t\t\t\t\t<\/div>\n\t\t<\/div>\n\t\t\t\t\t\t\t<\/div>\n\t\t<\/section>\n\t\t\t\t<section class=\"elementor-section elementor-top-section elementor-element elementor-element-8bc7b92 elementor-section-boxed elementor-section-height-default elementor-section-height-default\" data-id=\"8bc7b92\" data-element_type=\"section\">\n\t\t\t\t\t\t<div class=\"elementor-container elementor-column-gap-default\">\n\t\t\t\t\t<div class=\"elementor-column elementor-col-50 elementor-top-column elementor-element elementor-element-ce15723\" data-id=\"ce15723\" data-element_type=\"column\">\n\t\t\t<div class=\"elementor-widget-wrap elementor-element-populated\">\n\t\t\t\t\t\t\t\t<div class=\"elementor-element elementor-element-697052f elementor-widget elementor-widget-image\" data-id=\"697052f\" data-element_type=\"widget\" data-widget_type=\"image.default\">\n\t\t\t\t<div class=\"elementor-widget-container\">\n\t\t\t\t\t\t\t\t\t\t\t\t\t\t\t<img loading=\"lazy\" decoding=\"async\" width=\"1024\" height=\"576\" src=\"https:\/\/cfc-perspectives.fr\/wp-content\/uploads\/2022\/05\/Sans-titre-12-1024x576.png\" class=\"attachment-large size-large\" alt=\"\" srcset=\"https:\/\/cfc-perspectives.fr\/wp-content\/uploads\/2022\/05\/Sans-titre-12-1024x576.png 1024w, https:\/\/cfc-perspectives.fr\/wp-content\/uploads\/2022\/05\/Sans-titre-12-300x169.png 300w, https:\/\/cfc-perspectives.fr\/wp-content\/uploads\/2022\/05\/Sans-titre-12-768x432.png 768w, https:\/\/cfc-perspectives.fr\/wp-content\/uploads\/2022\/05\/Sans-titre-12-1536x864.png 1536w, https:\/\/cfc-perspectives.fr\/wp-content\/uploads\/2022\/05\/Sans-titre-12.png 1920w\" sizes=\"(max-width: 1024px) 100vw, 1024px\" \/>\t\t\t\t\t\t\t\t\t\t\t\t\t\t\t<\/div>\n\t\t\t\t<\/div>\n\t\t\t\t\t<\/div>\n\t\t<\/div>\n\t\t\t\t<div class=\"elementor-column elementor-col-50 elementor-top-column elementor-element elementor-element-5da4ca3\" data-id=\"5da4ca3\" data-element_type=\"column\">\n\t\t\t<div class=\"elementor-widget-wrap elementor-element-populated\">\n\t\t\t\t\t\t\t\t<div class=\"elementor-element elementor-element-280ed7b elementor-widget elementor-widget-text-editor\" data-id=\"280ed7b\" data-element_type=\"widget\" data-widget_type=\"text-editor.default\">\n\t\t\t\t<div class=\"elementor-widget-container\">\n\t\t\t\t\t\t\t<p>\u00a0<\/p><p><span style=\"color: #000000; font-family: Arial; font-size: 14pt; font-weight: bold; text-decoration-line: underline; white-space: pre-wrap; text-align: justify; background-color: var(--nv-site-bg); letter-spacing: var(--bodyLetterSpacing); text-transform: var(--bodyTextTransform);\">Une Analyse de co\u00fbts transports et mise en place d\u2019optimisations :<\/span><\/p><p dir=\"ltr\" style=\"margin-top: 12pt; margin-bottom: 12pt; line-height: 1.295; text-align: justify;\"><span style=\"font-size: 14pt; font-family: Arial; color: #000000; font-variant-numeric: normal; font-variant-east-asian: normal; vertical-align: baseline; white-space: pre-wrap;\">Notre parfaite connaissance du march\u00e9 des transport et de ses acteurs nous permet d\u2019analyser vos co\u00fbts transport par typologie d\u2019activit\u00e9 et de travailler sur l\u2019optimisation de vos flux.<\/span><\/p>\t\t\t\t\t\t<\/div>\n\t\t\t\t<\/div>\n\t\t\t\t\t<\/div>\n\t\t<\/div>\n\t\t\t\t\t\t\t<\/div>\n\t\t<\/section>\n\t\t\t\t<section class=\"elementor-section elementor-top-section elementor-element elementor-element-d6e1ab8 elementor-section-boxed elementor-section-height-default elementor-section-height-default\" data-id=\"d6e1ab8\" data-element_type=\"section\">\n\t\t\t\t\t\t<div class=\"elementor-container elementor-column-gap-default\">\n\t\t\t\t\t<div class=\"elementor-column elementor-col-100 elementor-top-column elementor-element elementor-element-45ae5f1\" data-id=\"45ae5f1\" data-element_type=\"column\">\n\t\t\t<div class=\"elementor-widget-wrap elementor-element-populated\">\n\t\t\t\t\t\t\t\t<div class=\"elementor-element elementor-element-87b46ba elementor-widget elementor-widget-text-editor\" data-id=\"87b46ba\" data-element_type=\"widget\" data-widget_type=\"text-editor.default\">\n\t\t\t\t<div class=\"elementor-widget-container\">\n\t\t\t\t\t\t\t<p dir=\"ltr\" style=\"margin-top: 12pt; margin-bottom: 12pt; line-height: 1.295; text-align: justify;\"><span style=\"font-size: 14pt; font-family: Arial; color: #000000; font-weight: bold; font-variant-numeric: normal; font-variant-east-asian: normal; text-decoration-line: underline; text-decoration-skip-ink: none; vertical-align: baseline; white-space: pre-wrap;\">Mise en place &amp; pilotage de Plan transport<\/span><\/p><p dir=\"ltr\" style=\"margin-top: 12pt; margin-bottom: 12pt; line-height: 1.295; text-align: justify;\"><span style=\"font-size: 14pt; font-family: Arial; color: #000000; font-variant-numeric: normal; font-variant-east-asian: normal; vertical-align: baseline; white-space: pre-wrap;\">Nous proposons l\u2019\u00e9tude et la mise en place de plan transport (Analyse des flux, s\u00e9lection des prestataires, gestion des fournisseurs et des emballage, Suivi Qualit\u00e9\u2026. )<\/span><\/p><p dir=\"ltr\" style=\"margin-top: 12pt; margin-bottom: 12pt; line-height: 1.295; text-align: justify;\"><span style=\"font-size: 14pt; font-family: Arial; color: #000000; font-weight: bold; font-variant-numeric: normal; font-variant-east-asian: normal; text-decoration-line: underline; text-decoration-skip-ink: none; vertical-align: baseline; white-space: pre-wrap;\">Pilotage d\u2019appel d\u2019offre :<\/span><\/p><p dir=\"ltr\" style=\"margin-top: 12pt; margin-bottom: 12pt; line-height: 1.295; text-align: justify;\"><span style=\"font-size: 14pt; font-family: Arial; color: #000000; font-variant-numeric: normal; font-variant-east-asian: normal; vertical-align: baseline; white-space: pre-wrap;\">Vous souhaitez lancer une consultation Transport, CFC Perspectives vous accompagne sur le montage d\u2019un appel d\u2019offre, la consultation, la s\u00e9lection des prestataires et la mise en place op\u00e9rationnelle.<\/span><\/p><p dir=\"ltr\" style=\"margin-top: 12pt; margin-bottom: 12pt; line-height: 1.295; text-align: justify;\"><span style=\"font-size: 14pt; font-family: Arial; color: #000000; font-weight: bold; font-variant-numeric: normal; font-variant-east-asian: normal; text-decoration-line: underline; text-decoration-skip-ink: none; vertical-align: baseline; white-space: pre-wrap;\">Gestion contractuelle :<\/span><\/p><p dir=\"ltr\" style=\"margin-top: 12pt; margin-bottom: 12pt; line-height: 1.295; text-align: justify;\"><span style=\"font-size: 14pt; font-family: Arial; color: #000000; font-variant-numeric: normal; font-variant-east-asian: normal; vertical-align: baseline; white-space: pre-wrap;\">Nous vous accompagnerons sur le volet juridique et contractuel afin de s\u00e9curiser vos engagements et vos relations avec vos fournisseurs.<\/span><\/p><p dir=\"ltr\" style=\"margin-top: 12pt; margin-bottom: 12pt; line-height: 1.295; text-align: justify;\"><span style=\"font-size: 14pt; font-family: Arial; color: #000000; font-weight: bold; font-variant-numeric: normal; font-variant-east-asian: normal; text-decoration-line: underline; text-decoration-skip-ink: none; vertical-align: baseline; white-space: pre-wrap;\">Projet d\u2019externalisation<\/span><span style=\"font-size: 14pt; font-family: Arial; color: #000000; font-weight: bold; font-variant-numeric: normal; font-variant-east-asian: normal; vertical-align: baseline; white-space: pre-wrap;\"> :<\/span><\/p><p dir=\"ltr\" style=\"margin-top: 12pt; margin-bottom: 12pt; line-height: 1.295; text-align: justify;\"><span style=\"font-size: 14pt; font-family: Arial; color: #000000; font-variant-numeric: normal; font-variant-east-asian: normal; vertical-align: baseline; white-space: pre-wrap;\">Vous poss\u00e9dez une flotte pour compte propre et souhaitez externaliser cette partie transport. Nous vous accompagnerons sur le plan op\u00e9rationnel et juridique (Reprise de mat\u00e9riel &amp; collaborateurs)<\/span><\/p><p dir=\"ltr\" style=\"margin-top: 12pt; margin-bottom: 12pt; line-height: 1.295; text-align: justify;\"><span style=\"font-size: 14pt; font-family: Arial; color: #000000; font-weight: bold; font-variant-numeric: normal; font-variant-east-asian: normal; text-decoration-line: underline; text-decoration-skip-ink: none; vertical-align: baseline; white-space: pre-wrap;\">Plan d\u2019action Qualit\u00e9 &amp; S\u00e9curit\u00e9 :<\/span><\/p><p dir=\"ltr\" style=\"margin-top: 12pt; margin-bottom: 12pt; line-height: 1.295; text-align: justify;\"><span style=\"font-size: 14pt; font-family: Arial; color: #000000; font-variant-numeric: normal; font-variant-east-asian: normal; vertical-align: baseline; white-space: pre-wrap;\">Comptez sur notre professionnalisme et notre expertise pour b\u00e2tir vos d\u00e9marches &amp; process Qualit\u00e9 &amp; S\u00e9curit\u00e9. Mise en place d\u2019indicateur de suivi qualitatif, \u00e9laboration de Protocoles s\u00e9curit\u00e9, analyse de risques sur site et plan d\u2019action en partenariat avec vos services.<\/span><\/p>\t\t\t\t\t\t<\/div>\n\t\t\t\t<\/div>\n\t\t\t\t\t<\/div>\n\t\t<\/div>\n\t\t\t\t\t\t\t<\/div>\n\t\t<\/section>\n\t\t\t\t<section class=\"elementor-section elementor-top-section elementor-element elementor-element-c53cc4a elementor-section-boxed elementor-section-height-default elementor-section-height-default\" data-id=\"c53cc4a\" data-element_type=\"section\">\n\t\t\t\t\t\t<div class=\"elementor-container elementor-column-gap-default\">\n\t\t\t\t\t<div class=\"elementor-column elementor-col-100 elementor-top-column elementor-element elementor-element-fa1ff17\" data-id=\"fa1ff17\" data-element_type=\"column\">\n\t\t\t<div class=\"elementor-widget-wrap elementor-element-populated\">\n\t\t\t\t\t\t\t\t<div class=\"elementor-element elementor-element-5a78b11 elementor-widget elementor-widget-text-editor\" data-id=\"5a78b11\" data-element_type=\"widget\" data-widget_type=\"text-editor.default\">\n\t\t\t\t<div class=\"elementor-widget-container\">\n\t\t\t\t\t\t\t\t\t\t\t\t\t<\/div>\n\t\t\t\t<\/div>\n\t\t\t\t\t<\/div>\n\t\t<\/div>\n\t\t\t\t\t\t\t<\/div>\n\t\t<\/section>\n\t\t\t\t\t\t\t<\/div>\n\t\t","protected":false},"excerpt":{"rendered":"<p>SOLUTIONS TRANSPORTS Des solutions Transport &amp; Logistique : Gr\u00e2ce \u00e0 notre partenariat avec KINATRANS, nous sommes en capacit\u00e9 de vous proposer des solutions qualitatives en transport routier sur toute l\u2019Europe et nos relations privil\u00e9gi\u00e9es avec un transitaire international de r\u00e9f\u00e9rence nous permets de r\u00e9pondre sur toute demande import \/ export en pilotant la chaine logistique&hellip;&nbsp;<a href=\"https:\/\/cfc-perspectives.fr\/index.php\/solutions-transport\/\" class=\"\" rel=\"bookmark\">Read More &raquo;<span class=\"screen-reader-text\">Solutions Transports<\/span><\/a><\/p>\n","protected":false},"author":1,"featured_media":0,"parent":0,"menu_order":0,"comment_status":"closed","ping_status":"closed","template":"page-templates\/template-pagebuilder-full-width.php","meta":{"neve_meta_sidebar":"","neve_meta_container":"","neve_meta_enable_content_width":"","neve_meta_content_width":0,"neve_meta_title_alignment":"","neve_meta_author_avatar":"","neve_post_elements_order":"","neve_meta_disable_header":"","neve_meta_disable_footer":"","neve_meta_disable_title":"","footnotes":""},"_links":{"self":[{"href":"https:\/\/cfc-perspectives.fr\/index.php\/wp-json\/wp\/v2\/pages\/71"}],"collection":[{"href":"https:\/\/cfc-perspectives.fr\/index.php\/wp-json\/wp\/v2\/pages"}],"about":[{"href":"https:\/\/cfc-perspectives.fr\/index.php\/wp-json\/wp\/v2\/types\/page"}],"author":[{"embeddable":true,"href":"https:\/\/cfc-perspectives.fr\/index.php\/wp-json\/wp\/v2\/users\/1"}],"replies":[{"embeddable":true,"href":"https:\/\/cfc-perspectives.fr\/index.php\/wp-json\/wp\/v2\/comments?post=71"}],"version-history":[{"count":35,"href":"https:\/\/cfc-perspectives.fr\/index.php\/wp-json\/wp\/v2\/pages\/71\/revisions"}],"predecessor-version":[{"id":424,"href":"https:\/\/cfc-perspectives.fr\/index.php\/wp-json\/wp\/v2\/pages\/71\/revisions\/424"}],"wp:attachment":[{"href":"https:\/\/cfc-perspectives.fr\/index.php\/wp-json\/wp\/v2\/media?parent=71"}],"curies":[{"name":"wp","href":"https:\/\/api.w.org\/{rel}","templated":true}]}}