{"id":80,"date":"2022-03-08T19:19:35","date_gmt":"2022-03-08T18:19:35","guid":{"rendered":"http:\/\/cfc-perspectives.fr\/?page_id=80"},"modified":"2022-05-28T21:23:55","modified_gmt":"2022-05-28T19:23:55","slug":"votre-etudepersonnalisee","status":"publish","type":"page","link":"https:\/\/cfc-perspectives.fr\/index.php\/votre-etudepersonnalisee\/","title":{"rendered":"Formations"},"content":{"rendered":"\t\t<div data-elementor-type=\"wp-page\" data-elementor-id=\"80\" class=\"elementor elementor-80\">\n\t\t\t\t\t\t\t\t\t<section class=\"elementor-section elementor-top-section elementor-element elementor-element-02cf8cd elementor-section-boxed elementor-section-height-default elementor-section-height-default\" data-id=\"02cf8cd\" data-element_type=\"section\">\n\t\t\t\t\t\t<div class=\"elementor-container elementor-column-gap-default\">\n\t\t\t\t\t<div class=\"elementor-column elementor-col-100 elementor-top-column elementor-element elementor-element-dc71f53\" data-id=\"dc71f53\" data-element_type=\"column\">\n\t\t\t<div class=\"elementor-widget-wrap elementor-element-populated\">\n\t\t\t\t\t\t\t\t<div class=\"elementor-element elementor-element-665d496 elementor-widget elementor-widget-image\" data-id=\"665d496\" data-element_type=\"widget\" data-widget_type=\"image.default\">\n\t\t\t\t<div class=\"elementor-widget-container\">\n\t\t\t<style>\/*! elementor - v3.6.2 - 04-04-2022 *\/\n.elementor-widget-image{text-align:center}.elementor-widget-image a{display:inline-block}.elementor-widget-image a img[src$=\".svg\"]{width:48px}.elementor-widget-image img{vertical-align:middle;display:inline-block}<\/style>\t\t\t\t\t\t\t\t\t\t\t\t<img loading=\"lazy\" decoding=\"async\" width=\"1024\" height=\"260\" src=\"https:\/\/cfc-perspectives.fr\/wp-content\/uploads\/2022\/05\/Sans-titre-1180-\u00d7-400-px-1180-\u00d7-300-px-3-1024x260.png\" class=\"attachment-large size-large\" alt=\"\" srcset=\"https:\/\/cfc-perspectives.fr\/wp-content\/uploads\/2022\/05\/Sans-titre-1180-\u00d7-400-px-1180-\u00d7-300-px-3-1024x260.png 1024w, https:\/\/cfc-perspectives.fr\/wp-content\/uploads\/2022\/05\/Sans-titre-1180-\u00d7-400-px-1180-\u00d7-300-px-3-300x76.png 300w, https:\/\/cfc-perspectives.fr\/wp-content\/uploads\/2022\/05\/Sans-titre-1180-\u00d7-400-px-1180-\u00d7-300-px-3-768x195.png 768w, https:\/\/cfc-perspectives.fr\/wp-content\/uploads\/2022\/05\/Sans-titre-1180-\u00d7-400-px-1180-\u00d7-300-px-3.png 1180w\" sizes=\"(max-width: 1024px) 100vw, 1024px\" \/>\t\t\t\t\t\t\t\t\t\t\t\t\t\t\t<\/div>\n\t\t\t\t<\/div>\n\t\t\t\t\t<\/div>\n\t\t<\/div>\n\t\t\t\t\t\t\t<\/div>\n\t\t<\/section>\n\t\t\t\t<section class=\"elementor-section elementor-top-section elementor-element elementor-element-749da11 elementor-section-boxed elementor-section-height-default elementor-section-height-default\" data-id=\"749da11\" data-element_type=\"section\">\n\t\t\t\t\t\t<div class=\"elementor-container elementor-column-gap-default\">\n\t\t\t\t\t<div class=\"elementor-column elementor-col-33 elementor-top-column elementor-element elementor-element-feb724f\" data-id=\"feb724f\" data-element_type=\"column\">\n\t\t\t<div class=\"elementor-widget-wrap elementor-element-populated\">\n\t\t\t\t\t\t\t\t<div class=\"elementor-element elementor-element-7e647ae elementor-widget elementor-widget-image\" data-id=\"7e647ae\" data-element_type=\"widget\" data-widget_type=\"image.default\">\n\t\t\t\t<div class=\"elementor-widget-container\">\n\t\t\t\t\t\t\t\t\t\t\t\t\t\t\t<img loading=\"lazy\" decoding=\"async\" width=\"1024\" height=\"1024\" src=\"https:\/\/cfc-perspectives.fr\/wp-content\/uploads\/2022\/03\/LOGO-MY-BS-1024x1024.png\" class=\"attachment-large size-large\" alt=\"LOGO MY BS\" srcset=\"https:\/\/cfc-perspectives.fr\/wp-content\/uploads\/2022\/03\/LOGO-MY-BS-1024x1024.png 1024w, https:\/\/cfc-perspectives.fr\/wp-content\/uploads\/2022\/03\/LOGO-MY-BS-300x300.png 300w, https:\/\/cfc-perspectives.fr\/wp-content\/uploads\/2022\/03\/LOGO-MY-BS-150x150.png 150w, https:\/\/cfc-perspectives.fr\/wp-content\/uploads\/2022\/03\/LOGO-MY-BS-768x768.png 768w, https:\/\/cfc-perspectives.fr\/wp-content\/uploads\/2022\/03\/LOGO-MY-BS-1536x1536.png 1536w, https:\/\/cfc-perspectives.fr\/wp-content\/uploads\/2022\/03\/LOGO-MY-BS-2048x2048.png 2048w\" sizes=\"(max-width: 1024px) 100vw, 1024px\" \/>\t\t\t\t\t\t\t\t\t\t\t\t\t\t\t<\/div>\n\t\t\t\t<\/div>\n\t\t\t\t\t<\/div>\n\t\t<\/div>\n\t\t\t\t<div class=\"elementor-column elementor-col-66 elementor-top-column elementor-element elementor-element-e43236d\" data-id=\"e43236d\" data-element_type=\"column\">\n\t\t\t<div class=\"elementor-widget-wrap elementor-element-populated\">\n\t\t\t\t\t\t\t\t<div class=\"elementor-element elementor-element-92636f1 elementor-tabs-view-horizontal elementor-widget elementor-widget-tabs\" data-id=\"92636f1\" data-element_type=\"widget\" data-widget_type=\"tabs.default\">\n\t\t\t\t<div class=\"elementor-widget-container\">\n\t\t\t<style>\/*! elementor - v3.6.2 - 04-04-2022 *\/\n.elementor-widget-tabs.elementor-tabs-view-vertical .elementor-tabs-wrapper{width:25%;-ms-flex-negative:0;flex-shrink:0}.elementor-widget-tabs.elementor-tabs-view-vertical .elementor-tab-desktop-title.elementor-active{border-right-style:none}.elementor-widget-tabs.elementor-tabs-view-vertical .elementor-tab-desktop-title.elementor-active:after,.elementor-widget-tabs.elementor-tabs-view-vertical .elementor-tab-desktop-title.elementor-active:before{height:999em;width:0;right:0;border-right-style:solid}.elementor-widget-tabs.elementor-tabs-view-vertical .elementor-tab-desktop-title.elementor-active:before{top:0;-webkit-transform:translateY(-100%);-ms-transform:translateY(-100%);transform:translateY(-100%)}.elementor-widget-tabs.elementor-tabs-view-vertical .elementor-tab-desktop-title.elementor-active:after{top:100%}.elementor-widget-tabs.elementor-tabs-view-horizontal .elementor-tab-desktop-title{display:table-cell}.elementor-widget-tabs.elementor-tabs-view-horizontal .elementor-tab-desktop-title.elementor-active{border-bottom-style:none}.elementor-widget-tabs.elementor-tabs-view-horizontal .elementor-tab-desktop-title.elementor-active:after,.elementor-widget-tabs.elementor-tabs-view-horizontal .elementor-tab-desktop-title.elementor-active:before{bottom:0;height:0;width:999em;border-bottom-style:solid}.elementor-widget-tabs.elementor-tabs-view-horizontal .elementor-tab-desktop-title.elementor-active:before{right:100%}.elementor-widget-tabs.elementor-tabs-view-horizontal .elementor-tab-desktop-title.elementor-active:after{left:100%}.elementor-widget-tabs .elementor-tab-content,.elementor-widget-tabs .elementor-tab-title,.elementor-widget-tabs .elementor-tab-title:after,.elementor-widget-tabs .elementor-tab-title:before,.elementor-widget-tabs .elementor-tabs-content-wrapper{border:1px #d4d4d4}.elementor-widget-tabs .elementor-tabs{text-align:left}.elementor-widget-tabs .elementor-tabs-wrapper{overflow:hidden}.elementor-widget-tabs .elementor-tab-title{cursor:pointer;outline:var(--focus-outline,none)}.elementor-widget-tabs .elementor-tab-desktop-title{position:relative;padding:20px 25px;font-weight:700;line-height:1;border:solid transparent}.elementor-widget-tabs .elementor-tab-desktop-title.elementor-active{border-color:#d4d4d4}.elementor-widget-tabs .elementor-tab-desktop-title.elementor-active:after,.elementor-widget-tabs .elementor-tab-desktop-title.elementor-active:before{display:block;content:\"\";position:absolute}.elementor-widget-tabs .elementor-tab-mobile-title{padding:10px;cursor:pointer}.elementor-widget-tabs .elementor-tab-content{padding:20px;display:none}@media (max-width:767px){.elementor-tabs .elementor-tab-content,.elementor-tabs .elementor-tab-title{border-style:solid solid none}.elementor-tabs .elementor-tabs-wrapper{display:none}.elementor-tabs .elementor-tabs-content-wrapper{border-bottom-style:solid}.elementor-tabs .elementor-tab-content{padding:10px}}@media (min-width:768px){.elementor-widget-tabs.elementor-tabs-view-vertical .elementor-tabs{display:-webkit-box;display:-ms-flexbox;display:flex}.elementor-widget-tabs.elementor-tabs-view-vertical .elementor-tabs-wrapper{-webkit-box-orient:vertical;-webkit-box-direction:normal;-ms-flex-direction:column;flex-direction:column}.elementor-widget-tabs.elementor-tabs-view-vertical .elementor-tabs-content-wrapper{-webkit-box-flex:1;-ms-flex-positive:1;flex-grow:1;border-style:solid solid solid none}.elementor-widget-tabs.elementor-tabs-view-horizontal .elementor-tab-content{border-style:none solid solid}.elementor-widget-tabs.elementor-tabs-alignment-center .elementor-tabs-wrapper,.elementor-widget-tabs.elementor-tabs-alignment-end .elementor-tabs-wrapper,.elementor-widget-tabs.elementor-tabs-alignment-stretch .elementor-tabs-wrapper{display:-webkit-box;display:-ms-flexbox;display:flex}.elementor-widget-tabs.elementor-tabs-alignment-center .elementor-tabs-wrapper{-webkit-box-pack:center;-ms-flex-pack:center;justify-content:center}.elementor-widget-tabs.elementor-tabs-alignment-end .elementor-tabs-wrapper{-webkit-box-pack:end;-ms-flex-pack:end;justify-content:flex-end}.elementor-widget-tabs.elementor-tabs-alignment-stretch.elementor-tabs-view-horizontal .elementor-tab-title{width:100%}.elementor-widget-tabs.elementor-tabs-alignment-stretch.elementor-tabs-view-vertical .elementor-tab-title{height:100%}.elementor-tabs .elementor-tab-mobile-title{display:none}}<\/style>\t\t<div class=\"elementor-tabs\">\n\t\t\t<div class=\"elementor-tabs-wrapper\" role=\"tablist\" >\n\t\t\t\t\t\t\t\t\t<div id=\"elementor-tab-title-1531\" class=\"elementor-tab-title elementor-tab-desktop-title\" aria-selected=\"true\" data-tab=\"1\" role=\"tab\" tabindex=\"0\" aria-controls=\"elementor-tab-content-1531\" aria-expanded=\"false\">Piloter une \u00e9quipe <\/div>\n\t\t\t\t\t\t\t\t\t<div id=\"elementor-tab-title-1532\" class=\"elementor-tab-title elementor-tab-desktop-title\" aria-selected=\"false\" data-tab=\"2\" role=\"tab\" tabindex=\"-1\" aria-controls=\"elementor-tab-content-1532\" aria-expanded=\"false\">Gestion du changement <\/div>\n\t\t\t\t\t\t\t\t\t<div id=\"elementor-tab-title-1533\" class=\"elementor-tab-title elementor-tab-desktop-title\" aria-selected=\"false\" data-tab=\"3\" role=\"tab\" tabindex=\"-1\" aria-controls=\"elementor-tab-content-1533\" aria-expanded=\"false\">Relation clients & partenaires <\/div>\n\t\t\t\t\t\t\t\t\t<div id=\"elementor-tab-title-1534\" class=\"elementor-tab-title elementor-tab-desktop-title\" aria-selected=\"false\" data-tab=\"4\" role=\"tab\" tabindex=\"-1\" aria-controls=\"elementor-tab-content-1534\" aria-expanded=\"false\">Initiation Strat\u00e9gie d'entreprise <\/div>\n\t\t\t\t\t\t\t<\/div>\n\t\t\t<div class=\"elementor-tabs-content-wrapper\" role=\"tablist\" aria-orientation=\"vertical\">\n\t\t\t\t\t\t\t\t\t<div class=\"elementor-tab-title elementor-tab-mobile-title\" aria-selected=\"true\" data-tab=\"1\" role=\"tab\" tabindex=\"0\" aria-controls=\"elementor-tab-content-1531\" aria-expanded=\"false\">Piloter une \u00e9quipe <\/div>\n\t\t\t\t\t<div id=\"elementor-tab-content-1531\" class=\"elementor-tab-content elementor-clearfix\" data-tab=\"1\" role=\"tabpanel\" aria-labelledby=\"elementor-tab-title-1531\" tabindex=\"0\" hidden=\"false\"><p><span style=\"font-size: 13.0pt; font-family: 'Arial',sans-serif;\">Module de 16 \u00e0 24 heures. Ecoute active, assertivit\u00e9, prise de d\u00e9cision, gestion sociale, \u00e9volution des collaborateurs\u2026 un module complet pour maitriser les fondamentaux du management de collaborateurs et bien r\u00e9ussir sa prise de fonction en tant que manager. Module en cours de digitalisation en partenariat avec MyBS pour 2023<\/span><\/p><\/div>\n\t\t\t\t\t\t\t\t\t<div class=\"elementor-tab-title elementor-tab-mobile-title\" aria-selected=\"false\" data-tab=\"2\" role=\"tab\" tabindex=\"-1\" aria-controls=\"elementor-tab-content-1532\" aria-expanded=\"false\">Gestion du changement <\/div>\n\t\t\t\t\t<div id=\"elementor-tab-content-1532\" class=\"elementor-tab-content elementor-clearfix\" data-tab=\"2\" role=\"tabpanel\" aria-labelledby=\"elementor-tab-title-1532\" tabindex=\"0\" hidden=\"hidden\"><p><span style=\"font-size: 13.0pt; font-family: 'Arial',sans-serif;\">Module de 8 heures. Dans un univers socio-\u00e9conomique en constant changement, ce module s\u2019inscrit dans la lign\u00e9e du management d\u2019\u00e9quipe en recentrant la th\u00e9matique et le contenu sur les typologies de changements et les meilleures techniques pour faire adh\u00e9rer vos collaborateurs et \u00e9luder les points bloquants.<\/span><\/p><\/div>\n\t\t\t\t\t\t\t\t\t<div class=\"elementor-tab-title elementor-tab-mobile-title\" aria-selected=\"false\" data-tab=\"3\" role=\"tab\" tabindex=\"-1\" aria-controls=\"elementor-tab-content-1533\" aria-expanded=\"false\">Relation clients & partenaires <\/div>\n\t\t\t\t\t<div id=\"elementor-tab-content-1533\" class=\"elementor-tab-content elementor-clearfix\" data-tab=\"3\" role=\"tabpanel\" aria-labelledby=\"elementor-tab-title-1533\" tabindex=\"0\" hidden=\"hidden\"><p>Module de 8 \u00e0 16 heures.<\/p><p><span style=\"font-size: 13.0pt; font-family: 'Arial',sans-serif;\">Un module enti\u00e8rement consacr\u00e9 \u00e0 la relation client B to B (compr\u00e9hension du client et de ses besoins) ainsi que sur l\u2019approche analytique (M\u00e9thode co\u00fbt\/objectif , temple de la satisfaction&#8230;) afin de b\u00e2tir un relation commerciale durable et qualitative avec vos clients et partenaires commerciaux.<\/span><\/p><\/div>\n\t\t\t\t\t\t\t\t\t<div class=\"elementor-tab-title elementor-tab-mobile-title\" aria-selected=\"false\" data-tab=\"4\" role=\"tab\" tabindex=\"-1\" aria-controls=\"elementor-tab-content-1534\" aria-expanded=\"false\">Initiation Strat\u00e9gie d'entreprise <\/div>\n\t\t\t\t\t<div id=\"elementor-tab-content-1534\" class=\"elementor-tab-content elementor-clearfix\" data-tab=\"4\" role=\"tabpanel\" aria-labelledby=\"elementor-tab-title-1534\" tabindex=\"0\" hidden=\"hidden\"><p>Module de 8 heures.<\/p><p><span style=\"font-size: 13.0pt; font-family: 'Arial',sans-serif;\">De Sun Tzu \u00e0 Elon Musk, ce module est consacr\u00e9 \u00e0 l&#8217;\u00e9tude des fondamentaux de la strat\u00e9gie militaire et leurs transpositions dans le monde\u00a0 de l&#8217;entreprise. La seconde partie est consacr\u00e9e \u00e0 l&#8217;analyse de l&#8217;environnement socio-\u00e9conomique, la mise en place de Business Plan et le suivi de sa strat\u00e9gie dans le temps.<\/span><\/p><\/div>\n\t\t\t\t\t\t\t<\/div>\n\t\t<\/div>\n\t\t\t\t<\/div>\n\t\t\t\t<\/div>\n\t\t\t\t\t<\/div>\n\t\t<\/div>\n\t\t\t\t\t\t\t<\/div>\n\t\t<\/section>\n\t\t\t\t<section class=\"elementor-section elementor-top-section elementor-element elementor-element-be4589b elementor-section-boxed elementor-section-height-default elementor-section-height-default\" data-id=\"be4589b\" data-element_type=\"section\">\n\t\t\t\t\t\t<div class=\"elementor-container elementor-column-gap-default\">\n\t\t\t\t\t<div class=\"elementor-column elementor-col-100 elementor-top-column elementor-element elementor-element-0dccbcc\" data-id=\"0dccbcc\" data-element_type=\"column\">\n\t\t\t<div class=\"elementor-widget-wrap elementor-element-populated\">\n\t\t\t\t\t\t\t\t<div class=\"elementor-element elementor-element-6d1d51b elementor-widget elementor-widget-text-editor\" data-id=\"6d1d51b\" data-element_type=\"widget\" data-widget_type=\"text-editor.default\">\n\t\t\t\t<div class=\"elementor-widget-container\">\n\t\t\t<style>\/*! elementor - v3.6.2 - 04-04-2022 *\/\n.elementor-widget-text-editor.elementor-drop-cap-view-stacked .elementor-drop-cap{background-color:#818a91;color:#fff}.elementor-widget-text-editor.elementor-drop-cap-view-framed .elementor-drop-cap{color:#818a91;border:3px solid;background-color:transparent}.elementor-widget-text-editor:not(.elementor-drop-cap-view-default) .elementor-drop-cap{margin-top:8px}.elementor-widget-text-editor:not(.elementor-drop-cap-view-default) .elementor-drop-cap-letter{width:1em;height:1em}.elementor-widget-text-editor .elementor-drop-cap{float:left;text-align:center;line-height:1;font-size:50px}.elementor-widget-text-editor .elementor-drop-cap-letter{display:inline-block}<\/style>\t\t\t\t<p><strong>Nous vous proposons aussi:<\/strong><\/p><ul><li>Accompagnement personnalis\u00e9 de collaborateurs sur le terrain<\/li><li>Aide au Recrutement<\/li><li>Missions Management de transition ou d\u2019audit<\/li><li>Accompagnement dans la relation avec les instances repr\u00e9sentatives du personnel<\/li><\/ul>\t\t\t\t\t\t<\/div>\n\t\t\t\t<\/div>\n\t\t\t\t\t<\/div>\n\t\t<\/div>\n\t\t\t\t\t\t\t<\/div>\n\t\t<\/section>\n\t\t\t\t\t\t\t<\/div>\n\t\t","protected":false},"excerpt":{"rendered":"<p>Piloter une \u00e9quipe Gestion du changement Relation clients &#038; partenaires Initiation Strat\u00e9gie d&#8217;entreprise Piloter une \u00e9quipe Module de 16 \u00e0 24 heures. Ecoute active, assertivit\u00e9, prise de d\u00e9cision, gestion sociale, \u00e9volution des collaborateurs\u2026 un module complet pour maitriser les fondamentaux du management de collaborateurs et bien r\u00e9ussir sa prise de fonction en tant que manager.&hellip;&nbsp;<a href=\"https:\/\/cfc-perspectives.fr\/index.php\/votre-etudepersonnalisee\/\" class=\"\" rel=\"bookmark\">Read More &raquo;<span class=\"screen-reader-text\">Formations<\/span><\/a><\/p>\n","protected":false},"author":1,"featured_media":0,"parent":0,"menu_order":0,"comment_status":"closed","ping_status":"closed","template":"page-templates\/template-pagebuilder-full-width.php","meta":{"neve_meta_sidebar":"","neve_meta_container":"","neve_meta_enable_content_width":"","neve_meta_content_width":0,"neve_meta_title_alignment":"","neve_meta_author_avatar":"","neve_post_elements_order":"","neve_meta_disable_header":"","neve_meta_disable_footer":"","neve_meta_disable_title":"","footnotes":""},"_links":{"self":[{"href":"https:\/\/cfc-perspectives.fr\/index.php\/wp-json\/wp\/v2\/pages\/80"}],"collection":[{"href":"https:\/\/cfc-perspectives.fr\/index.php\/wp-json\/wp\/v2\/pages"}],"about":[{"href":"https:\/\/cfc-perspectives.fr\/index.php\/wp-json\/wp\/v2\/types\/page"}],"author":[{"embeddable":true,"href":"https:\/\/cfc-perspectives.fr\/index.php\/wp-json\/wp\/v2\/users\/1"}],"replies":[{"embeddable":true,"href":"https:\/\/cfc-perspectives.fr\/index.php\/wp-json\/wp\/v2\/comments?post=80"}],"version-history":[{"count":20,"href":"https:\/\/cfc-perspectives.fr\/index.php\/wp-json\/wp\/v2\/pages\/80\/revisions"}],"predecessor-version":[{"id":432,"href":"https:\/\/cfc-perspectives.fr\/index.php\/wp-json\/wp\/v2\/pages\/80\/revisions\/432"}],"wp:attachment":[{"href":"https:\/\/cfc-perspectives.fr\/index.php\/wp-json\/wp\/v2\/media?parent=80"}],"curies":[{"name":"wp","href":"https:\/\/api.w.org\/{rel}","templated":true}]}}